{"id":2414,"date":"2023-03-05T18:02:04","date_gmt":"2023-03-05T17:02:04","guid":{"rendered":"https:\/\/dutalonalaiguille.fr\/?post_type=product&#038;p=2414"},"modified":"2023-08-11T17:20:15","modified_gmt":"2023-08-11T15:20:15","slug":"brosse-a-cirage","status":"publish","type":"product","link":"https:\/\/dutalonalaiguille.fr\/index.php\/product\/brosse-a-cirage\/","title":{"rendered":"Brosse \u00e0 cirage"},"content":{"rendered":"<p>Brosse \u00e0 cirage 100% crin de cheval<\/p>\n","protected":false},"excerpt":{"rendered":"<p>Brosse \u00e0 cirage 100% crin de cheval<\/p>\n","protected":false},"featured_media":2402,"comment_status":"open","ping_status":"closed","template":"","meta":{"site-sidebar-layout":"default","site-content-layout":"default","ast-site-content-layout":"","site-content-style":"default","site-sidebar-style":"default","ast-global-header-display":"","ast-banner-title-visibility":"","ast-main-header-display":"","ast-hfb-above-header-display":"","ast-hfb-below-header-display":"","ast-hfb-mobile-header-display":"","site-post-title":"","ast-breadcrumbs-content":"","ast-featured-img":"","footer-sml-layout":"","theme-transparent-header-meta":"default","adv-header-id-meta":"","stick-header-meta":"","header-above-stick-meta":"","header-main-stick-meta":"","header-below-stick-meta":"","astra-migrate-meta-layouts":"default","ast-page-background-enabled":"default","ast-page-background-meta":{"desktop":{"background-color":"","background-image":"","background-repeat":"repeat","background-position":"center center","background-size":"auto","background-attachment":"scroll","background-type":"","background-media":"","overlay-type":"","overlay-color":"","overlay-opacity":"","overlay-gradient":""},"tablet":{"background-color":"","background-image":"","background-repeat":"repeat","background-position":"center center","background-size":"auto","background-attachment":"scroll","background-type":"","background-media":"","overlay-type":"","overlay-color":"","overlay-opacity":"","overlay-gradient":""},"mobile":{"background-color":"","background-image":"","background-repeat":"repeat","background-position":"center center","background-size":"auto","background-attachment":"scroll","background-type":"","background-media":"","overlay-type":"","overlay-color":"","overlay-opacity":"","overlay-gradient":""}},"ast-content-background-meta":{"desktop":{"background-color":"var(--ast-global-color-5)","background-image":"","background-repeat":"repeat","background-position":"center center","background-size":"auto","background-attachment":"scroll","background-type":"","background-media":"","overlay-type":"","overlay-color":"","overlay-opacity":"","overlay-gradient":""},"tablet":{"background-color":"var(--ast-global-color-5)","background-image":"","background-repeat":"repeat","background-position":"center center","background-size":"auto","background-attachment":"scroll","background-type":"","background-media":"","overlay-type":"","overlay-color":"","overlay-opacity":"","overlay-gradient":""},"mobile":{"background-color":"var(--ast-global-color-5)","background-image":"","background-repeat":"repeat","background-position":"center center","background-size":"auto","background-attachment":"scroll","background-type":"","background-media":"","overlay-type":"","overlay-color":"","overlay-opacity":"","overlay-gradient":""}}},"product_brand":[],"product_cat":[19],"product_tag":[78,79],"class_list":{"0":"post-2414","1":"product","2":"type-product","3":"status-publish","4":"has-post-thumbnail","6":"product_cat-produit-dentretiencuir","7":"product_tag-bois","8":"product_tag-crin-de-cheval","9":"desktop-align-center","10":"tablet-align-left","11":"mobile-align-left","13":"first","14":"instock","15":"taxable","16":"shipping-taxable","17":"purchasable","18":"product-type-simple"},"yoast_head":"<!-- This site is optimized with the Yoast SEO plugin v25.6 - https:\/\/yoast.com\/wordpress\/plugins\/seo\/ -->\n<title>Brosse \u00e0 cirage - Du Talon \u00e0 l&#039;Aiguille<\/title>\n<meta name=\"robots\" content=\"index, follow, max-snippet:-1, max-image-preview:large, max-video-preview:-1\" \/>\n<link rel=\"canonical\" href=\"https:\/\/dutalonalaiguille.fr\/index.php\/product\/brosse-a-cirage\/\" \/>\n<meta property=\"og:locale\" content=\"fr_FR\" \/>\n<meta property=\"og:type\" content=\"article\" \/>\n<meta property=\"og:title\" content=\"Brosse \u00e0 cirage - Du Talon \u00e0 l&#039;Aiguille\" \/>\n<meta property=\"og:description\" content=\"Brosse \u00e0 cirage 100% crin de cheval\" \/>\n<meta property=\"og:url\" content=\"https:\/\/dutalonalaiguille.fr\/index.php\/product\/brosse-a-cirage\/\" \/>\n<meta property=\"og:site_name\" content=\"Du Talon \u00e0 l&#039;Aiguille\" \/>\n<meta property=\"article:modified_time\" content=\"2023-08-11T15:20:15+00:00\" \/>\n<meta property=\"og:image\" content=\"http:\/\/dutalonalaiguille.fr\/wp-content\/uploads\/2023\/03\/Capture-decran-2023-03-05-163346.png\" \/>\n\t<meta property=\"og:image:width\" content=\"383\" \/>\n\t<meta property=\"og:image:height\" content=\"177\" \/>\n\t<meta property=\"og:image:type\" content=\"image\/png\" \/>\n<meta name=\"twitter:card\" content=\"summary_large_image\" \/>\n<meta name=\"twitter:label1\" content=\"Dur\u00e9e de lecture estim\u00e9e\" \/>\n\t<meta name=\"twitter:data1\" content=\"1 minute\" \/>\n<script type=\"application\/ld+json\" class=\"yoast-schema-graph\">{\"@context\":\"https:\/\/schema.org\",\"@graph\":[{\"@type\":\"WebPage\",\"@id\":\"https:\/\/dutalonalaiguille.fr\/index.php\/product\/brosse-a-cirage\/\",\"url\":\"https:\/\/dutalonalaiguille.fr\/index.php\/product\/brosse-a-cirage\/\",\"name\":\"Brosse \u00e0 cirage - Du Talon \u00e0 l&#039;Aiguille\",\"isPartOf\":{\"@id\":\"https:\/\/dutalonalaiguille.fr\/#website\"},\"primaryImageOfPage\":{\"@id\":\"https:\/\/dutalonalaiguille.fr\/index.php\/product\/brosse-a-cirage\/#primaryimage\"},\"image\":{\"@id\":\"https:\/\/dutalonalaiguille.fr\/index.php\/product\/brosse-a-cirage\/#primaryimage\"},\"thumbnailUrl\":\"https:\/\/dutalonalaiguille.fr\/wp-content\/uploads\/2023\/03\/Capture-decran-2023-03-05-163346.png\",\"datePublished\":\"2023-03-05T17:02:04+00:00\",\"dateModified\":\"2023-08-11T15:20:15+00:00\",\"breadcrumb\":{\"@id\":\"https:\/\/dutalonalaiguille.fr\/index.php\/product\/brosse-a-cirage\/#breadcrumb\"},\"inLanguage\":\"fr-FR\",\"potentialAction\":[{\"@type\":\"ReadAction\",\"target\":[\"https:\/\/dutalonalaiguille.fr\/index.php\/product\/brosse-a-cirage\/\"]}]},{\"@type\":\"ImageObject\",\"inLanguage\":\"fr-FR\",\"@id\":\"https:\/\/dutalonalaiguille.fr\/index.php\/product\/brosse-a-cirage\/#primaryimage\",\"url\":\"https:\/\/dutalonalaiguille.fr\/wp-content\/uploads\/2023\/03\/Capture-decran-2023-03-05-163346.png\",\"contentUrl\":\"https:\/\/dutalonalaiguille.fr\/wp-content\/uploads\/2023\/03\/Capture-decran-2023-03-05-163346.png\",\"width\":383,\"height\":177},{\"@type\":\"BreadcrumbList\",\"@id\":\"https:\/\/dutalonalaiguille.fr\/index.php\/product\/brosse-a-cirage\/#breadcrumb\",\"itemListElement\":[{\"@type\":\"ListItem\",\"position\":1,\"name\":\"Accueil\",\"item\":\"https:\/\/dutalonalaiguille.fr\/\"},{\"@type\":\"ListItem\",\"position\":2,\"name\":\"Boutique\",\"item\":\"https:\/\/dutalonalaiguille.fr\/index.php\/shop-2\/\"},{\"@type\":\"ListItem\",\"position\":3,\"name\":\"Brosse \u00e0 cirage\"}]},{\"@type\":\"WebSite\",\"@id\":\"https:\/\/dutalonalaiguille.fr\/#website\",\"url\":\"https:\/\/dutalonalaiguille.fr\/\",\"name\":\"Du Talon \u00e0 l&#039;Aiguille\",\"description\":\"\",\"publisher\":{\"@id\":\"https:\/\/dutalonalaiguille.fr\/#organization\"},\"potentialAction\":[{\"@type\":\"SearchAction\",\"target\":{\"@type\":\"EntryPoint\",\"urlTemplate\":\"https:\/\/dutalonalaiguille.fr\/?s={search_term_string}\"},\"query-input\":{\"@type\":\"PropertyValueSpecification\",\"valueRequired\":true,\"valueName\":\"search_term_string\"}}],\"inLanguage\":\"fr-FR\"},{\"@type\":\"Organization\",\"@id\":\"https:\/\/dutalonalaiguille.fr\/#organization\",\"name\":\"Du Talon \u00e0 l&#039;Aiguille\",\"url\":\"https:\/\/dutalonalaiguille.fr\/\",\"logo\":{\"@type\":\"ImageObject\",\"inLanguage\":\"fr-FR\",\"@id\":\"https:\/\/dutalonalaiguille.fr\/#\/schema\/logo\/image\/\",\"url\":\"https:\/\/dutalonalaiguille.fr\/wp-content\/uploads\/2023\/01\/cropped-Du_talon_a_l_aiguille__4___1_-removebg-preview.png\",\"contentUrl\":\"https:\/\/dutalonalaiguille.fr\/wp-content\/uploads\/2023\/01\/cropped-Du_talon_a_l_aiguille__4___1_-removebg-preview.png\",\"width\":500,\"height\":500,\"caption\":\"Du Talon \u00e0 l&#039;Aiguille\"},\"image\":{\"@id\":\"https:\/\/dutalonalaiguille.fr\/#\/schema\/logo\/image\/\"}}]}<\/script>\n<!-- \/ Yoast SEO plugin. -->","yoast_head_json":{"title":"Brosse \u00e0 cirage - Du Talon \u00e0 l&#039;Aiguille","robots":{"index":"index","follow":"follow","max-snippet":"max-snippet:-1","max-image-preview":"max-image-preview:large","max-video-preview":"max-video-preview:-1"},"canonical":"https:\/\/dutalonalaiguille.fr\/index.php\/product\/brosse-a-cirage\/","og_locale":"fr_FR","og_type":"article","og_title":"Brosse \u00e0 cirage - Du Talon \u00e0 l&#039;Aiguille","og_description":"Brosse \u00e0 cirage 100% crin de cheval","og_url":"https:\/\/dutalonalaiguille.fr\/index.php\/product\/brosse-a-cirage\/","og_site_name":"Du Talon \u00e0 l&#039;Aiguille","article_modified_time":"2023-08-11T15:20:15+00:00","og_image":[{"width":383,"height":177,"url":"http:\/\/dutalonalaiguille.fr\/wp-content\/uploads\/2023\/03\/Capture-decran-2023-03-05-163346.png","type":"image\/png"}],"twitter_card":"summary_large_image","twitter_misc":{"Dur\u00e9e de lecture estim\u00e9e":"1 minute"},"schema":{"@context":"https:\/\/schema.org","@graph":[{"@type":"WebPage","@id":"https:\/\/dutalonalaiguille.fr\/index.php\/product\/brosse-a-cirage\/","url":"https:\/\/dutalonalaiguille.fr\/index.php\/product\/brosse-a-cirage\/","name":"Brosse \u00e0 cirage - Du Talon \u00e0 l&#039;Aiguille","isPartOf":{"@id":"https:\/\/dutalonalaiguille.fr\/#website"},"primaryImageOfPage":{"@id":"https:\/\/dutalonalaiguille.fr\/index.php\/product\/brosse-a-cirage\/#primaryimage"},"image":{"@id":"https:\/\/dutalonalaiguille.fr\/index.php\/product\/brosse-a-cirage\/#primaryimage"},"thumbnailUrl":"https:\/\/dutalonalaiguille.fr\/wp-content\/uploads\/2023\/03\/Capture-decran-2023-03-05-163346.png","datePublished":"2023-03-05T17:02:04+00:00","dateModified":"2023-08-11T15:20:15+00:00","breadcrumb":{"@id":"https:\/\/dutalonalaiguille.fr\/index.php\/product\/brosse-a-cirage\/#breadcrumb"},"inLanguage":"fr-FR","potentialAction":[{"@type":"ReadAction","target":["https:\/\/dutalonalaiguille.fr\/index.php\/product\/brosse-a-cirage\/"]}]},{"@type":"ImageObject","inLanguage":"fr-FR","@id":"https:\/\/dutalonalaiguille.fr\/index.php\/product\/brosse-a-cirage\/#primaryimage","url":"https:\/\/dutalonalaiguille.fr\/wp-content\/uploads\/2023\/03\/Capture-decran-2023-03-05-163346.png","contentUrl":"https:\/\/dutalonalaiguille.fr\/wp-content\/uploads\/2023\/03\/Capture-decran-2023-03-05-163346.png","width":383,"height":177},{"@type":"BreadcrumbList","@id":"https:\/\/dutalonalaiguille.fr\/index.php\/product\/brosse-a-cirage\/#breadcrumb","itemListElement":[{"@type":"ListItem","position":1,"name":"Accueil","item":"https:\/\/dutalonalaiguille.fr\/"},{"@type":"ListItem","position":2,"name":"Boutique","item":"https:\/\/dutalonalaiguille.fr\/index.php\/shop-2\/"},{"@type":"ListItem","position":3,"name":"Brosse \u00e0 cirage"}]},{"@type":"WebSite","@id":"https:\/\/dutalonalaiguille.fr\/#website","url":"https:\/\/dutalonalaiguille.fr\/","name":"Du Talon \u00e0 l&#039;Aiguille","description":"","publisher":{"@id":"https:\/\/dutalonalaiguille.fr\/#organization"},"potentialAction":[{"@type":"SearchAction","target":{"@type":"EntryPoint","urlTemplate":"https:\/\/dutalonalaiguille.fr\/?s={search_term_string}"},"query-input":{"@type":"PropertyValueSpecification","valueRequired":true,"valueName":"search_term_string"}}],"inLanguage":"fr-FR"},{"@type":"Organization","@id":"https:\/\/dutalonalaiguille.fr\/#organization","name":"Du Talon \u00e0 l&#039;Aiguille","url":"https:\/\/dutalonalaiguille.fr\/","logo":{"@type":"ImageObject","inLanguage":"fr-FR","@id":"https:\/\/dutalonalaiguille.fr\/#\/schema\/logo\/image\/","url":"https:\/\/dutalonalaiguille.fr\/wp-content\/uploads\/2023\/01\/cropped-Du_talon_a_l_aiguille__4___1_-removebg-preview.png","contentUrl":"https:\/\/dutalonalaiguille.fr\/wp-content\/uploads\/2023\/01\/cropped-Du_talon_a_l_aiguille__4___1_-removebg-preview.png","width":500,"height":500,"caption":"Du Talon \u00e0 l&#039;Aiguille"},"image":{"@id":"https:\/\/dutalonalaiguille.fr\/#\/schema\/logo\/image\/"}}]}},"_links":{"self":[{"href":"https:\/\/dutalonalaiguille.fr\/index.php\/wp-json\/wp\/v2\/product\/2414"}],"collection":[{"href":"https:\/\/dutalonalaiguille.fr\/index.php\/wp-json\/wp\/v2\/product"}],"about":[{"href":"https:\/\/dutalonalaiguille.fr\/index.php\/wp-json\/wp\/v2\/types\/product"}],"replies":[{"embeddable":true,"href":"https:\/\/dutalonalaiguille.fr\/index.php\/wp-json\/wp\/v2\/comments?post=2414"}],"wp:featuredmedia":[{"embeddable":true,"href":"https:\/\/dutalonalaiguille.fr\/index.php\/wp-json\/wp\/v2\/media\/2402"}],"wp:attachment":[{"href":"https:\/\/dutalonalaiguille.fr\/index.php\/wp-json\/wp\/v2\/media?parent=2414"}],"wp:term":[{"taxonomy":"product_brand","embeddable":true,"href":"https:\/\/dutalonalaiguille.fr\/index.php\/wp-json\/wp\/v2\/product_brand?post=2414"},{"taxonomy":"product_cat","embeddable":true,"href":"https:\/\/dutalonalaiguille.fr\/index.php\/wp-json\/wp\/v2\/product_cat?post=2414"},{"taxonomy":"product_tag","embeddable":true,"href":"https:\/\/dutalonalaiguille.fr\/index.php\/wp-json\/wp\/v2\/product_tag?post=2414"}],"curies":[{"name":"wp","href":"https:\/\/api.w.org\/{rel}","templated":true}]}}